{"id":3369,"date":"2025-08-23T10:19:46","date_gmt":"2025-08-23T10:19:46","guid":{"rendered":"https:\/\/2025b.swixfo.com\/logo\/"},"modified":"2026-05-12T09:08:56","modified_gmt":"2026-05-12T09:08:56","slug":"logo","status":"publish","type":"page","link":"https:\/\/staging.swixfo.com\/it\/logo\/","title":{"rendered":"Logo"},"content":{"rendered":"\t\t<div data-elementor-type=\"wp-page\" data-elementor-id=\"3369\" class=\"elementor elementor-3369 elementor-726\" data-elementor-post-type=\"page\">\n\t\t\t\t<div class=\"elementor-element elementor-element-2191334 e-flex e-con-boxed e-con e-parent\" data-id=\"2191334\" data-element_type=\"container\" data-e-type=\"container\" data-settings=\"{&quot;background_background&quot;:&quot;classic&quot;}\">\n\t\t\t\t\t<div class=\"e-con-inner\">\n\t\t<div class=\"elementor-element elementor-element-618f4dd e-con-full e-flex e-con e-child\" data-id=\"618f4dd\" data-element_type=\"container\" data-e-type=\"container\" data-settings=\"{&quot;background_background&quot;:&quot;classic&quot;}\">\n\t\t<div class=\"elementor-element elementor-element-e9c54fd e-con-full e-flex e-con e-child\" data-id=\"e9c54fd\" data-element_type=\"container\" data-e-type=\"container\">\n\t\t\t\t<div class=\"elementor-element elementor-element-358a336 elementor-widget-divider--view-line elementor-widget elementor-widget-divider\" data-id=\"358a336\" data-element_type=\"widget\" data-e-type=\"widget\" data-widget_type=\"divider.default\">\n\t\t\t\t<div class=\"elementor-widget-container\">\n\t\t\t\t\t\t\t<div class=\"elementor-divider\">\n\t\t\t<span class=\"elementor-divider-separator\">\n\t\t\t\t\t\t<\/span>\n\t\t<\/div>\n\t\t\t\t\t\t<\/div>\n\t\t\t\t<\/div>\n\t\t\t\t<\/div>\n\t\t<div class=\"elementor-element elementor-element-3d23631 e-con-full e-flex e-con e-child\" data-id=\"3d23631\" data-element_type=\"container\" data-e-type=\"container\">\n\t\t\t\t<div class=\"elementor-element elementor-element-3a2ac19 fade-in-up-toggle elementor-widget elementor-widget-heading\" data-id=\"3a2ac19\" data-element_type=\"widget\" data-e-type=\"widget\" data-widget_type=\"heading.default\">\n\t\t\t\t<div class=\"elementor-widget-container\">\n\t\t\t\t\t<h2 class=\"elementor-heading-title elementor-size-default\">Il nostro logo, composto in Helvetica Capital, riflette ci\u00f2 che vogliamo essere: essenziali, precisi, indipendenti e riconoscibili senza bisogno di eccessi.<\/h2>\t\t\t\t<\/div>\n\t\t\t\t<\/div>\n\t\t\t\t<\/div>\n\t\t\t\t<\/div>\n\t\t\t\t\t<\/div>\n\t\t\t\t<\/div>\n\t\t<div class=\"elementor-element elementor-element-e3fcc6c e-flex e-con-boxed e-con e-parent\" data-id=\"e3fcc6c\" data-element_type=\"container\" data-e-type=\"container\" data-settings=\"{&quot;background_background&quot;:&quot;classic&quot;}\">\n\t\t\t\t\t<div class=\"e-con-inner\">\n\t\t<div class=\"elementor-element elementor-element-19c20f3 e-con-full e-flex e-con e-child\" data-id=\"19c20f3\" data-element_type=\"container\" data-e-type=\"container\">\n\t\t<div class=\"elementor-element elementor-element-d69371c e-con-full e-flex e-con e-child\" data-id=\"d69371c\" data-element_type=\"container\" data-e-type=\"container\">\n\t\t<div class=\"elementor-element elementor-element-1a87824 e-con-full e-flex e-con e-child\" data-id=\"1a87824\" data-element_type=\"container\" data-e-type=\"container\">\n\t\t\t\t<div class=\"elementor-element elementor-element-3854fb4 fade-in-up-toggle elementor-widget elementor-widget-text-editor\" data-id=\"3854fb4\" data-element_type=\"widget\" data-e-type=\"widget\" data-widget_type=\"text-editor.default\">\n\t\t\t\t<div class=\"elementor-widget-container\">\n\t\t\t\t\t\t\t\t\t<p style=\"font-weight: 400;\">In qualit\u00e0 di multi-family office svizzero fondato in Svizzera, siamo orgogliosi della nostra mentalit\u00e0 globale e della nostra presenza internazionale. Per il nostro logo abbiamo scelto Helvetica Capital, un font iconico che incarna perfettamente l\u2019essenza dello spirito svizzero. Rinomato per le sue linee pulite e moderne e per il suo fascino universale, Helvetica \u00e8 un simbolo di precisione, affidabilit\u00e0 e design senza tempo.  <\/p><p style=\"font-weight: 400;\">Questo font non solo \u00e8 utilizzato da alcuni dei marchi pi\u00f9 prestigiosi e affidabili al mondo, tra cui Apple, The New York Times, Lufthansa e Nestl\u00e9, ma fa anche parte della collezione permanente del Museum of Modern Art (MoMA) di New York. Nel 2007, il MoMA ha celebrato il 50\u00b0 anniversario di Helvetica con una mostra speciale, e il font \u00e8 stato il primo ad essere incluso in modo permanente nella collezione del museo. Ci\u00f2 sottolinea l\u2019importanza globale di Helvetica nel mondo del design.  <\/p><p style=\"font-weight: 400;\">La scelta di Helvetica Capital non \u00e8 decorativa. \u00c8 una dichiarazione di stile: meno rumore, pi\u00f9 sostanza. Meno complessit\u00e0 visiva, pi\u00f9 chiarezza. Meno ostentazione, pi\u00f9 disciplina.<br>\u00c8 lo stesso approccio che vogliamo portare nella gestione patrimoniale. <\/p>\t\t\t\t\t\t\t\t<\/div>\n\t\t\t\t<\/div>\n\t\t\t\t<\/div>\n\t\t\t\t<\/div>\n\t\t\t\t<\/div>\n\t\t\t\t\t<\/div>\n\t\t\t\t<\/div>\n\t\t\t\t<\/div>\n\t\t","protected":false},"excerpt":{"rendered":"<p>Il nostro logo, composto in Helvetica Capital, riflette ci\u00f2 che vogliamo essere: essenziali, precisi, indipendenti e riconoscibili senza bisogno di eccessi. In qualit\u00e0 di multi-family office svizzero fondato in Svizzera, siamo orgogliosi della nostra mentalit\u00e0 globale e della nostra presenza internazionale. Per il nostro logo abbiamo scelto Helvetica Capital, un font iconico che incarna perfettamente [&hellip;]<\/p>\n","protected":false},"author":1,"featured_media":0,"parent":0,"menu_order":4,"comment_status":"closed","ping_status":"closed","template":"","meta":{"_acf_changed":false,"footnotes":""},"class_list":["post-3369","page","type-page","status-publish","hentry"],"acf":[],"yoast_head":"<!-- This site is optimized with the Yoast SEO plugin v27.6 - https:\/\/yoast.com\/product\/yoast-seo-wordpress\/ -->\n<title>Logo - Swix Family Office<\/title>\n<meta name=\"robots\" content=\"noindex, follow, max-snippet:-1, max-image-preview:large, max-video-preview:-1\" \/>\n<meta property=\"og:locale\" content=\"it_IT\" \/>\n<meta property=\"og:type\" content=\"article\" \/>\n<meta property=\"og:title\" content=\"Logo - Swix Family Office\" \/>\n<meta property=\"og:description\" content=\"Il nostro logo, composto in Helvetica Capital, riflette ci\u00f2 che vogliamo essere: essenziali, precisi, indipendenti e riconoscibili senza bisogno di eccessi. In qualit\u00e0 di multi-family office svizzero fondato in Svizzera, siamo orgogliosi della nostra mentalit\u00e0 globale e della nostra presenza internazionale. Per il nostro logo abbiamo scelto Helvetica Capital, un font iconico che incarna perfettamente [&hellip;]\" \/>\n<meta property=\"og:url\" content=\"https:\/\/staging.swixfo.com\/it\/logo\/\" \/>\n<meta property=\"og:site_name\" content=\"Swix Family Office\" \/>\n<meta property=\"article:modified_time\" content=\"2026-05-12T09:08:56+00:00\" \/>\n<meta name=\"twitter:card\" content=\"summary_large_image\" \/>\n<meta name=\"twitter:label1\" content=\"Tempo di lettura stimato\" \/>\n\t<meta name=\"twitter:data1\" content=\"1 minuto\" \/>\n<script type=\"application\/ld+json\" class=\"yoast-schema-graph\">{\"@context\":\"https:\\\/\\\/schema.org\",\"@graph\":[{\"@type\":\"WebPage\",\"@id\":\"https:\\\/\\\/staging.swixfo.com\\\/it\\\/logo\\\/\",\"url\":\"https:\\\/\\\/staging.swixfo.com\\\/it\\\/logo\\\/\",\"name\":\"Logo - Swix Family Office\",\"isPartOf\":{\"@id\":\"https:\\\/\\\/staging.swixfo.com\\\/it\\\/#website\"},\"datePublished\":\"2025-08-23T10:19:46+00:00\",\"dateModified\":\"2026-05-12T09:08:56+00:00\",\"breadcrumb\":{\"@id\":\"https:\\\/\\\/staging.swixfo.com\\\/it\\\/logo\\\/#breadcrumb\"},\"inLanguage\":\"it-IT\",\"potentialAction\":[{\"@type\":\"ReadAction\",\"target\":[\"https:\\\/\\\/staging.swixfo.com\\\/it\\\/logo\\\/\"]}]},{\"@type\":\"BreadcrumbList\",\"@id\":\"https:\\\/\\\/staging.swixfo.com\\\/it\\\/logo\\\/#breadcrumb\",\"itemListElement\":[{\"@type\":\"ListItem\",\"position\":1,\"name\":\"Home\",\"item\":\"https:\\\/\\\/staging.swixfo.com\\\/it\\\/\"},{\"@type\":\"ListItem\",\"position\":2,\"name\":\"Logo\"}]},{\"@type\":\"WebSite\",\"@id\":\"https:\\\/\\\/staging.swixfo.com\\\/it\\\/#website\",\"url\":\"https:\\\/\\\/staging.swixfo.com\\\/it\\\/\",\"name\":\"Swix\",\"description\":\"Born in Switzerland with an International mindset\",\"publisher\":{\"@id\":\"https:\\\/\\\/staging.swixfo.com\\\/it\\\/#organization\"},\"potentialAction\":[{\"@type\":\"SearchAction\",\"target\":{\"@type\":\"EntryPoint\",\"urlTemplate\":\"https:\\\/\\\/staging.swixfo.com\\\/it\\\/?s={search_term_string}\"},\"query-input\":{\"@type\":\"PropertyValueSpecification\",\"valueRequired\":true,\"valueName\":\"search_term_string\"}}],\"inLanguage\":\"it-IT\"},{\"@type\":\"Organization\",\"@id\":\"https:\\\/\\\/staging.swixfo.com\\\/it\\\/#organization\",\"name\":\"Swix SA\",\"url\":\"https:\\\/\\\/staging.swixfo.com\\\/it\\\/\",\"logo\":{\"@type\":\"ImageObject\",\"inLanguage\":\"it-IT\",\"@id\":\"https:\\\/\\\/staging.swixfo.com\\\/it\\\/#\\\/schema\\\/logo\\\/image\\\/\",\"url\":\"https:\\\/\\\/staging.swixfo.com\\\/wp-content\\\/uploads\\\/2025\\\/06\\\/logo_swix_firma.png\",\"contentUrl\":\"https:\\\/\\\/staging.swixfo.com\\\/wp-content\\\/uploads\\\/2025\\\/06\\\/logo_swix_firma.png\",\"width\":444,\"height\":134,\"caption\":\"Swix SA\"},\"image\":{\"@id\":\"https:\\\/\\\/staging.swixfo.com\\\/it\\\/#\\\/schema\\\/logo\\\/image\\\/\"}}]}<\/script>\n<!-- \/ Yoast SEO plugin. -->","yoast_head_json":{"title":"Logo - Swix Family Office","robots":{"index":"noindex","follow":"follow","max-snippet":"max-snippet:-1","max-image-preview":"max-image-preview:large","max-video-preview":"max-video-preview:-1"},"og_locale":"it_IT","og_type":"article","og_title":"Logo - Swix Family Office","og_description":"Il nostro logo, composto in Helvetica Capital, riflette ci\u00f2 che vogliamo essere: essenziali, precisi, indipendenti e riconoscibili senza bisogno di eccessi. In qualit\u00e0 di multi-family office svizzero fondato in Svizzera, siamo orgogliosi della nostra mentalit\u00e0 globale e della nostra presenza internazionale. Per il nostro logo abbiamo scelto Helvetica Capital, un font iconico che incarna perfettamente [&hellip;]","og_url":"https:\/\/staging.swixfo.com\/it\/logo\/","og_site_name":"Swix Family Office","article_modified_time":"2026-05-12T09:08:56+00:00","twitter_card":"summary_large_image","twitter_misc":{"Tempo di lettura stimato":"1 minuto"},"schema":{"@context":"https:\/\/schema.org","@graph":[{"@type":"WebPage","@id":"https:\/\/staging.swixfo.com\/it\/logo\/","url":"https:\/\/staging.swixfo.com\/it\/logo\/","name":"Logo - Swix Family Office","isPartOf":{"@id":"https:\/\/staging.swixfo.com\/it\/#website"},"datePublished":"2025-08-23T10:19:46+00:00","dateModified":"2026-05-12T09:08:56+00:00","breadcrumb":{"@id":"https:\/\/staging.swixfo.com\/it\/logo\/#breadcrumb"},"inLanguage":"it-IT","potentialAction":[{"@type":"ReadAction","target":["https:\/\/staging.swixfo.com\/it\/logo\/"]}]},{"@type":"BreadcrumbList","@id":"https:\/\/staging.swixfo.com\/it\/logo\/#breadcrumb","itemListElement":[{"@type":"ListItem","position":1,"name":"Home","item":"https:\/\/staging.swixfo.com\/it\/"},{"@type":"ListItem","position":2,"name":"Logo"}]},{"@type":"WebSite","@id":"https:\/\/staging.swixfo.com\/it\/#website","url":"https:\/\/staging.swixfo.com\/it\/","name":"Swix","description":"Born in Switzerland with an International mindset","publisher":{"@id":"https:\/\/staging.swixfo.com\/it\/#organization"},"potentialAction":[{"@type":"SearchAction","target":{"@type":"EntryPoint","urlTemplate":"https:\/\/staging.swixfo.com\/it\/?s={search_term_string}"},"query-input":{"@type":"PropertyValueSpecification","valueRequired":true,"valueName":"search_term_string"}}],"inLanguage":"it-IT"},{"@type":"Organization","@id":"https:\/\/staging.swixfo.com\/it\/#organization","name":"Swix SA","url":"https:\/\/staging.swixfo.com\/it\/","logo":{"@type":"ImageObject","inLanguage":"it-IT","@id":"https:\/\/staging.swixfo.com\/it\/#\/schema\/logo\/image\/","url":"https:\/\/staging.swixfo.com\/wp-content\/uploads\/2025\/06\/logo_swix_firma.png","contentUrl":"https:\/\/staging.swixfo.com\/wp-content\/uploads\/2025\/06\/logo_swix_firma.png","width":444,"height":134,"caption":"Swix SA"},"image":{"@id":"https:\/\/staging.swixfo.com\/it\/#\/schema\/logo\/image\/"}}]}},"_links":{"self":[{"href":"https:\/\/staging.swixfo.com\/it\/wp-json\/wp\/v2\/pages\/3369","targetHints":{"allow":["GET"]}}],"collection":[{"href":"https:\/\/staging.swixfo.com\/it\/wp-json\/wp\/v2\/pages"}],"about":[{"href":"https:\/\/staging.swixfo.com\/it\/wp-json\/wp\/v2\/types\/page"}],"author":[{"embeddable":true,"href":"https:\/\/staging.swixfo.com\/it\/wp-json\/wp\/v2\/users\/1"}],"replies":[{"embeddable":true,"href":"https:\/\/staging.swixfo.com\/it\/wp-json\/wp\/v2\/comments?post=3369"}],"version-history":[{"count":7,"href":"https:\/\/staging.swixfo.com\/it\/wp-json\/wp\/v2\/pages\/3369\/revisions"}],"predecessor-version":[{"id":3489,"href":"https:\/\/staging.swixfo.com\/it\/wp-json\/wp\/v2\/pages\/3369\/revisions\/3489"}],"wp:attachment":[{"href":"https:\/\/staging.swixfo.com\/it\/wp-json\/wp\/v2\/media?parent=3369"}],"curies":[{"name":"wp","href":"https:\/\/api.w.org\/{rel}","templated":true}]}}